{"id":11624,"date":"2025-08-04T18:24:32","date_gmt":"2025-08-04T16:24:32","guid":{"rendered":"https:\/\/wilhelmborgmann.de\/?page_id=11624"},"modified":"2025-09-09T22:33:18","modified_gmt":"2025-09-09T20:33:18","slug":"profil","status":"publish","type":"page","link":"https:\/\/wilhelmborgmann.de\/?page_id=11624","title":{"rendered":"Profil"},"content":{"rendered":"\t\t<div data-elementor-type=\"wp-page\" data-elementor-id=\"11624\" class=\"elementor elementor-11624\">\n\t\t\t\t<div class=\"elementor-element elementor-element-bc70b90 e-con-full e-flex e-con e-parent\" data-id=\"bc70b90\" data-element_type=\"container\" data-e-type=\"container\">\n\t\t\t\t<div class=\"elementor-element elementor-element-0a10e24 elementor-widget elementor-widget-witr_swiper_slider\" data-id=\"0a10e24\" data-element_type=\"widget\" data-e-type=\"widget\" data-widget_type=\"witr_swiper_slider.default\">\n\t\t\t\t<div class=\"elementor-widget-container\">\n\t\t\t\t\t\t\t\t\t\t<!-- Swiper -->\n\t\t\t<div class=\"witr_swiper_area\">\n\t\t\t\t<div class=\"swiper-container witr_active_id5 \"dir=\"ltr\">\n\t\t\t\t\t<div class=\"swiper-wrapper\" >\n\t\t\t\t\t\t\t\t\n\t\t\t\t\t    <div class=\"swiper-slide d1 t1 m1 witr_swiper_height\"  style=\"background-image:url(https:\/\/wilhelmborgmann.de\/wp-content\/uploads\/2025\/09\/banner_klein.jpg);\">\n\t\t\t\t\t\t\t<!-- witr_show_animate -->\n\t\t\t\t\t\t\t\t\t\t\t\t\t\n\t\t\t\t\t\t\n\t\t\t\t\t\t\t<div class=\"witr_sw_text_area text-right\">\n\t\t\t\t\t\t\t\t<div class=\"witr_swiper_content \">\n\t\t\t\t\t\t\t\t\t\t\t\t\t\t\t\t\t\n\t\t\t\t\t\t\t\t\t<!-- title -->\n\t\t\t\t\t\t\t\t\t\t\t\t\t\t\t\t\t\t<!-- title 2 -->\n\t\t\t\t\t\t\t\t\t\t\t\t\t\t\t\t\t\t\t<h2>Profil<\/h2>\n\t\t\t\t\t\t\t\t\t\t\t\t\t\t\t\t\t\t<!-- title 3 -->\n\t\t\t\t\t\t\t\t\t\t\t\t\t\t\t\t\t\t<!-- content -->\n\t\t\t\t\t\t\t\t\t\t\t\t\t\t\t\t\t\t\t\t\t\t\n\t\t\t\t\t\t\t\t\t<!-- inner title -->\n\t\t\t\t\t\t\t\t\t\t\t\t\t\t\t\t\t\t\n\t\t\t\t\t\t\t\t\t\n\t\t\t\t\t\t\t\t\t\n\t\t\t\t\t\t\t\t\t<!-- btn gradient style -->\n\t\t\t\t\t\t\t\t\t<div class=\"slider_btn\">\n\t\t\t\t\t\t\t\t\t\t<div class=\"witr_btn_style\">\n\t\t\t\t\t\t\t\t\t\t\t<div class=\"witr_btn_sinner\">\n\t\t\t\t\t\t\t\t\t\t\t\t<!-- button -->\n\t\t\t\t\t\t\t\t\t\t\t\t\n\t\t\t\t\t\t\t\t\t\t\t\t<!-- video button 2 -->\n\t\t\t\t\t\t\t\t\t\t\t\t\n\t\t\t\t\t\t\t\t\t\t\t\t<!-- Circle video button Style -->\n\t\t\t\t\t\t\t\t\t\t\t\t\t\t\t\t\t\t\t\t\t\t\t\t\n\t\t\t\t\t\t\t\t\t\t\t<\/div>\n\t\t\t\t\t\t\t\t\t\t<\/div>\n\t\t\t\t\t\t\t\t\t<\/div>\n\t\t\t\t\t\t\t\t\t<!-- social -->\n\t\t\t\t\t\t\t\t\t<!-- social -->\n\t\t\t\t\t\t\t\t\t\t\t\t\t\t\t\t\t\t\n\t\t\t\t\t\t\t\t\t\n\t\t\t\t\t\t\t\t\t\n\t\t\t\t\t\t\t\t<\/div>\n\t\t\t\t\t\t\t\t\t\n\t\t\t\t\t\t\t\t<!-- slider thumb image -->\n\t\t\t\t\t\t\t\t\n\t\t\t\t\t\n\t\t\t\t\t\t\t\t<!-- video icon -->\n\t\t\t\t\t\t\t\t\t\t\t\t\t\t\t\t\t\n\t\n\t\t\t\t\t\t\t<\/div>\n\t\t\t\t\t\t\t\n\t\t\t\t\t\t<\/div>\n\t\t\t\t\t  \n\t\t\t\t\t\t\t\t\t\t\t\n\t\t\t\t\t<\/div>\n\t\t\t\t\t<!-- Add Pagination -->\n\t\t\t\t\t<div class=\"swiper-scrollbar\"><\/div>\n\t\t\t\t\t<div class=\"swiper-pagination\"><\/div>\n\t\t\t\t\t<div class=\"swiper-buttonf-next \"><\/div>\n\t\t\t\t\t<div class=\"swiper-buttonf-prev\"><\/div>\t\t\t\t\t\n\t\t\t\t<\/div>\n\t\t\t<\/div>\t\t\n\t\t\n\n\t\t\t<script type='text\/javascript'>\n\t\t\t\tjQuery(function($){\n\n\t\t\t\t   new Swiper('.witr_active_id5', {\n\t\t\t\t\t\teffect: 'defult',\n\t\t\t\t\t\tgrabCursor: false,\n\t\t\t\t\t\tspeed: 2000,\n\t\t\t\t\t\tdirection: 'horizontal',\n\t\t\t\t\t\t\t\t\t\t\t\t\tslidesPerView: 1,\n\t\t\t\t\t\t\t\t\t\t\t\t\t\t\t\t\t\t\tspaceBetween: 30,\n\t\t\t\t\t\t\t\t\t\t\t\tfreeMode: false,\n\t\t\t\t\t\tmousewheel: false,\n\t\t\t\t\t\tkeyboard: false,\n\t\t\t\t\t\tloop: false,\n\t\t\t\t\t\t\t\t\t\t\t\tautoplay: {\n\t\t\t\t\t\t\tdelay: 4000,\t\t\t\t\t\t\t\t  \n\t\t\t\t\t\t\tdisableOnInteraction: false,\n\t\t\t\t\t\t},\n\t\t\t\t\t\t  pagination: {\n\t\t\t\t\t\t\tel: '.swiper-pagination',\n\t\t\t\t\t\t\tclickable: true,\n\t\t\t\t\t\t\tfalse: 'progressbar',\n\t\t\t\t\t\t  },\n\t\t\t\t\t\t  navigation: {\n\t\t\t\t\t\t\tnextEl: '.swiper-button-next',\n\t\t\t\t\t\t\tprevEl: '.swiper-button-prev',\n\t\t\t\t\t\t  },\n\t\t\t\t\t\t  scrollbar: {\n\t\t\t\t\t\t\tel: '.scrollbar_false',\n\t\t\t\t\t\t\thide: true,\n\t\t\t\t\t\t  },\t\t\t\t\t  \n\t\t\t\t\t\t  \n \n\t\t\t\t\t\t  \n\t\t\t\t\t});\n\n\t\t\t\t});\t\t\t\t\t\t\n\t\t\t\t\n\t\t\t<\/script>\t\t\t\t\t\t\t\n\t\t\t\t\t\t<\/div>\n\t\t\t\t<\/div>\n\t\t\t\t<\/div>\n\t\t<div class=\"elementor-element elementor-element-a6e3ad8 e-flex e-con-boxed e-con e-parent\" data-id=\"a6e3ad8\" data-element_type=\"container\" data-e-type=\"container\">\n\t\t\t\t\t<div class=\"e-con-inner\">\n\t\t<div class=\"elementor-element elementor-element-37dacf1 e-con-full e-flex e-con e-child\" data-id=\"37dacf1\" data-element_type=\"container\" data-e-type=\"container\">\n\t\t\t\t<div class=\"elementor-element elementor-element-acde6b1 elementor-widget elementor-widget-witr_section_t_widget\" data-id=\"acde6b1\" data-element_type=\"widget\" data-e-type=\"widget\" data-widget_type=\"witr_section_t_widget.default\">\n\t\t\t\t<div class=\"elementor-widget-container\">\n\t\t\t\t\t\t\t\t\t\t<!-- text widget center -->\n\t\t\t\t\t<div class=\"witr_text_widget\">\n\t\t\t\t\t\t<div class=\"witr_text_widget_inner\">\n\t\t\t\t\t\t\t<!-- text widget top -->\n\t\t\t\t\t\t\t\t\t\t\t\t\t\n\t\t\t\t\t\t\t<!-- text widget middle -->\n\t\t\t\t\t\t\t\t\t\t\t\t\t\t\t<h2>Ausbildung<\/h2>\t\t\n\t\t\t\t\t\t\t\t\t\t\t\t\t\t<!-- text widget bottom -->\n\t\t\t\t\t\t\t\t\t\t\t\t\t\n\t\t\t\t\t\t\t<!-- content -->\n\t\t\t\t\t\t\t\t\t\t\t\t\t\t\n\t\t\t\t\t\t\t<!--- List content --->\n\t\t\t\t\t\t\t<div class=\"witr_widget_list\">\n\t\t\t\t\t\t\t\t<ul>\t\t\t\t\t\t\t\n\t\t\t\t\t\t\t\t\t\t\t\t\t\t\t\t\t\t\t\t\t\t\t\t\t\t\t\t\t\t\t\t<li>\n\t\t\t\t\t\t\t\t\t\t\t\t\t\t\t\t\t\t\t\t\t\t\t\t\t\t\t<span class=\"witr_list_icon\"><i class=\"icofont icofont-check\"><\/i><\/span>\n\t\t\t\t\t\t\t\t\t\t\t\t\t\t\t\t\t\t\t\t\t\t\t\t\t\t<span class=\"witr_list_text\">Studium: Sportwissenschaft und Politik, Goethe-Universit\u00e4t Frankfurt am Main, Abschluss: Magister Artium (M.A.)<\/span>\n\t\t\t\t\t\t\t\t\t\t\t\t<\/li>\n\t\t\t\t\t\t\t\t\t\t\t\t\t\t\t\t\t\t\t\t\n\t\n\t\t\t\t\t\t\t\t\t\t\t\t\t\t\t\t\t\t\t\t\t\t\t\t\t\t\t\t\t\t\t\t\t<li>\n\t\t\t\t\t\t\t\t\t\t\t\t\t\t\t\t\t\t\t\t\t\t\t\t\t\t\t<span class=\"witr_list_icon\"><i class=\"icofont icofont-check\"><\/i><\/span>\n\t\t\t\t\t\t\t\t\t\t\t\t\t\t\t\t\t\t\t\t\t\t\t\t\t\t<span class=\"witr_list_text\">Aufbaustudium: Wirtschaftsp\u00e4dagogik, Zur Praxis des F\u00fchrungskr\u00e4ftetrainings, Goethe-Universit\u00e4t Frankfurt am Main<\/span>\n\t\t\t\t\t\t\t\t\t\t\t\t<\/li>\n\t\t\t\t\t\t\t\t\t\t\t\t\t\t\t\t\t\t\t\t\n\t\n\t\t\t\t\t\t\t\t\t\t\t\t\n\t\t\t\t\t\t\t\t\t\t\t\t\t\t\t\t\t<\/ul>\n\t\t\t\t\t\t\t\t\t\n\t\t\t\t\t\t\t<\/div>\t\t\t\t\t\t\t\n\t\t\t\t\t\t<\/div>\n\t\t\t\t\t<\/div>\n\n\t\t\t\t\t\t\t\t<\/div>\n\t\t\t\t<\/div>\n\t\t\t\t<div class=\"elementor-element elementor-element-59b48c5 elementor-widget elementor-widget-witr_section_t_widget\" data-id=\"59b48c5\" data-element_type=\"widget\" data-e-type=\"widget\" data-widget_type=\"witr_section_t_widget.default\">\n\t\t\t\t<div class=\"elementor-widget-container\">\n\t\t\t\t\t\t\t\t\t\t<!-- text widget center -->\n\t\t\t\t\t<div class=\"witr_text_widget\">\n\t\t\t\t\t\t<div class=\"witr_text_widget_inner\">\n\t\t\t\t\t\t\t<!-- text widget top -->\n\t\t\t\t\t\t\t\t\t\t\t\t\t\n\t\t\t\t\t\t\t<!-- text widget middle -->\n\t\t\t\t\t\t\t\t\t\t\t\t\t\t\t<h2>Berufliche T\u00e4tigkeiten <\/h2>\t\t\n\t\t\t\t\t\t\t\t\t\t\t\t\t\t<!-- text widget bottom -->\n\t\t\t\t\t\t\t\t\t\t\t\t\t\n\t\t\t\t\t\t\t<!-- content -->\n\t\t\t\t\t\t\t\t\t\t\t\t\t\t\n\t\t\t\t\t\t\t<!--- List content --->\n\t\t\t\t\t\t\t<div class=\"witr_widget_list\">\n\t\t\t\t\t\t\t\t<ul>\t\t\t\t\t\t\t\n\t\t\t\t\t\t\t\t\t\t\t\t\t\t\t\t\t\t\t\t\t\t\t\t\t\t\t\t\t\t\t\t<li>\n\t\t\t\t\t\t\t\t\t\t\t\t\t\t\t\t\t\t\t\t\t\t\t\t\t\t\t<span class=\"witr_list_icon\"><i class=\"icofont-check\"><\/i><\/span>\n\t\t\t\t\t\t\t\t\t\t\t\t\t\t\t\t\t\t\t\t\t\t\t\t\t\t<span class=\"witr_list_text\">Organisationsberatung, Coaching in selbstst\u00e4ndiger T\u00e4tigkeit (seit 1998)<\/span>\n\t\t\t\t\t\t\t\t\t\t\t\t<\/li>\n\t\t\t\t\t\t\t\t\t\t\t\t\t\t\t\t\t\t\t\t\n\t\n\t\t\t\t\t\t\t\t\t\t\t\t\t\t\t\t\t\t\t\t\t\t\t\t\t\t\t\t\t\t\t\t\t<li>\n\t\t\t\t\t\t\t\t\t\t\t\t\t\t\t\t\t\t\t\t\t\t\t\t\t\t\t<span class=\"witr_list_icon\"><i class=\"icofont-check\"><\/i><\/span>\n\t\t\t\t\t\t\t\t\t\t\t\t\t\t\t\t\t\t\t\t\t\t\t\t\t\t<span class=\"witr_list_text\">Kooperation mit PWS Wollsching-Strobel GmbH, FFM, Unternehmensberatung<\/span>\n\t\t\t\t\t\t\t\t\t\t\t\t<\/li>\n\t\t\t\t\t\t\t\t\t\t\t\t\t\t\t\t\t\t\t\t\n\t\n\t\t\t\t\t\t\t\t\t\t\t\t\t\t\t\t\t\t\t\t\t\t\t\t\t\t\t\t\t\t\t\t\t<li>\n\t\t\t\t\t\t\t\t\t\t\t\t\t\t\t\t\t\t\t\t\t\t\t\t\t\t\t<span class=\"witr_list_icon\"><i class=\"icofont-check\"><\/i><\/span>\n\t\t\t\t\t\t\t\t\t\t\t\t\t\t\t\t\t\t\t\t\t\t\t\t\t\t<span class=\"witr_list_text\">Kooperation mit Reich & Partner, GbR, K\u00f6ln, Organisationsberatung<\/span>\n\t\t\t\t\t\t\t\t\t\t\t\t<\/li>\n\t\t\t\t\t\t\t\t\t\t\t\t\t\t\t\t\t\t\t\t\n\t\n\t\t\t\t\t\t\t\t\t\t\t\t\t\t\t\t\t\t\t\t\t\t\t\t\t\t\t\t\t\t\t\t\t<li>\n\t\t\t\t\t\t\t\t\t\t\t\t\t\t\t\t\t\t\t\t\t\t\t\t\t\t\t<span class=\"witr_list_icon\"><i class=\"icofont-check\"><\/i><\/span>\n\t\t\t\t\t\t\t\t\t\t\t\t\t\t\t\t\t\t\t\t\t\t\t\t\t\t<span class=\"witr_list_text\">Seniorberater - Zentrum f\u00fcr Supervision und OE der EKHN (freiberuflich)<\/span>\n\t\t\t\t\t\t\t\t\t\t\t\t<\/li>\n\t\t\t\t\t\t\t\t\t\t\t\t\t\t\t\t\t\t\t\t\n\t\n\t\t\t\t\t\t\t\t\t\t\t\t\t\t\t\t\t\t\t\t\t\t\t\t\t\t\t\t\t\t\t\t\t<li>\n\t\t\t\t\t\t\t\t\t\t\t\t\t\t\t\t\t\t\t\t\t\t\t\t\t\t\t<span class=\"witr_list_icon\"><i class=\"icofont-check\"><\/i><\/span>\n\t\t\t\t\t\t\t\t\t\t\t\t\t\t\t\t\t\t\t\t\t\t\t\t\t\t<span class=\"witr_list_text\">Dozent - Verwaltungsfachhochschule Wiesbaden, FB Polizei (freiberuflich)<\/span>\n\t\t\t\t\t\t\t\t\t\t\t\t<\/li>\n\t\t\t\t\t\t\t\t\t\t\t\t\t\t\t\t\t\t\t\t\n\t\n\t\t\t\t\t\t\t\t\t\t\t\t\t\t\t\t\t\t\t\t\t\t\t\t\t\t\t\t\t\t\t\t\t<li>\n\t\t\t\t\t\t\t\t\t\t\t\t\t\t\t\t\t\t\t\t\t\t\t\t\t\t\t<span class=\"witr_list_icon\"><i class=\"icofont-check\"><\/i><\/span>\n\t\t\t\t\t\t\t\t\t\t\t\t\t\t\t\t\t\t\t\t\t\t\t\t\t\t<span class=\"witr_list_text\">Bildungsreferent - Zentrum f\u00fcr gesellschaftliche Verantwortung der EKHN<\/span>\n\t\t\t\t\t\t\t\t\t\t\t\t<\/li>\n\t\t\t\t\t\t\t\t\t\t\t\t\t\t\t\t\t\t\t\t\n\t\n\t\t\t\t\t\t\t\t\t\t\t\t\t\t\t\t\t\t\t\t\t\t\t\t\t\t\t\t\t\t\t\t\t<li>\n\t\t\t\t\t\t\t\t\t\t\t\t\t\t\t\t\t\t\t\t\t\t\t\t\t\t\t<span class=\"witr_list_icon\"><i class=\"icofont-check\"><\/i><\/span>\n\t\t\t\t\t\t\t\t\t\t\t\t\t\t\t\t\t\t\t\t\t\t\t\t\t\t<span class=\"witr_list_text\">Gesch\u00e4ftsf\u00fchrer - Arge au\u00dferschulische Bildung e.V.<\/span>\n\t\t\t\t\t\t\t\t\t\t\t\t<\/li>\n\t\t\t\t\t\t\t\t\t\t\t\t\t\t\t\t\t\t\t\t\n\t\n\t\t\t\t\t\t\t\t\t\t\t\t\n\t\t\t\t\t\t\t\t\t\t\t\t\t\t\t\t\t<\/ul>\n\t\t\t\t\t\t\t\t\t\n\t\t\t\t\t\t\t<\/div>\t\t\t\t\t\t\t\n\t\t\t\t\t\t<\/div>\n\t\t\t\t\t<\/div>\n\n\t\t\t\t\t\t\t\t<\/div>\n\t\t\t\t<\/div>\n\t\t\t\t<\/div>\n\t\t<div class=\"elementor-element elementor-element-4d456d9 e-con-full e-flex e-con e-child\" data-id=\"4d456d9\" data-element_type=\"container\" data-e-type=\"container\">\n\t\t\t\t<div class=\"elementor-element elementor-element-f0d2aed elementor-widget elementor-widget-witr_section_t_widget\" data-id=\"f0d2aed\" data-element_type=\"widget\" data-e-type=\"widget\" data-widget_type=\"witr_section_t_widget.default\">\n\t\t\t\t<div class=\"elementor-widget-container\">\n\t\t\t\t\t\t\t\t\t\t<!-- text widget center -->\n\t\t\t\t\t<div class=\"witr_text_widget\">\n\t\t\t\t\t\t<div class=\"witr_text_widget_inner\">\n\t\t\t\t\t\t\t<!-- text widget top -->\n\t\t\t\t\t\t\t\t\t\t\t\t\t\n\t\t\t\t\t\t\t<!-- text widget middle -->\n\t\t\t\t\t\t\t\t\t\t\t\t\t\t\t<h2>Weiterbildung<\/h2>\t\t\n\t\t\t\t\t\t\t\t\t\t\t\t\t\t<!-- text widget bottom -->\n\t\t\t\t\t\t\t\t\t\t\t\t\t\n\t\t\t\t\t\t\t<!-- content -->\n\t\t\t\t\t\t\t\t\t\t\t\t\t\t\n\t\t\t\t\t\t\t<!--- List content --->\n\t\t\t\t\t\t\t<div class=\"witr_widget_list\">\n\t\t\t\t\t\t\t\t<ul>\t\t\t\t\t\t\t\n\t\t\t\t\t\t\t\t\t\t\t\t\t\t\t\t\t\t\t\t\t\t\t\t\t\t\t\t\t\t\t\t<li>\n\t\t\t\t\t\t\t\t\t\t\t\t\t\t\t\t\t\t\t\t\t\t\t\t\t\t\t<span class=\"witr_list_icon\"><i class=\"icofont-check\"><\/i><\/span>\n\t\t\t\t\t\t\t\t\t\t\t\t\t\t\t\t\t\t\t\t\t\t\t\t\t\t<span class=\"witr_list_text\">Systemische Organisationsberatung, IPOS \u2013 EKHN (4-j\u00e4hrige berufsbegleitende Ausbildung)<\/span>\n\t\t\t\t\t\t\t\t\t\t\t\t<\/li>\n\t\t\t\t\t\t\t\t\t\t\t\t\t\t\t\t\t\t\t\t\n\t\n\t\t\t\t\t\t\t\t\t\t\t\t\t\t\t\t\t\t\t\t\t\t\t\t\t\t\t\t\t\t\t\t\t<li>\n\t\t\t\t\t\t\t\t\t\t\t\t\t\t\t\t\t\t\t\t\t\t\t\t\t\t\t<span class=\"witr_list_icon\"><i class=\"icofont-check\"><\/i><\/span>\n\t\t\t\t\t\t\t\t\t\t\t\t\t\t\t\t\t\t\t\t\t\t\t\t\t\t<span class=\"witr_list_text\">Humanistische Psychologie, diverse Programme (Gestaltberatung, Psychodrama, NLP, TZI)<\/span>\n\t\t\t\t\t\t\t\t\t\t\t\t<\/li>\n\t\t\t\t\t\t\t\t\t\t\t\t\t\t\t\t\t\t\t\t\n\t\n\t\t\t\t\t\t\t\t\t\t\t\t\t\t\t\t\t\t\t\t\t\t\t\t\t\t\t\t\t\t\t\t\t<li>\n\t\t\t\t\t\t\t\t\t\t\t\t\t\t\t\t\t\t\t\t\t\t\t\t\t\t\t<span class=\"witr_list_icon\"><i class=\"icofont-check\"><\/i><\/span>\n\t\t\t\t\t\t\t\t\t\t\t\t\t\t\t\t\t\t\t\t\t\t\t\t\t\t<span class=\"witr_list_text\">Golden Profiler of Personality, Future Systems Consulting GmbH<\/span>\n\t\t\t\t\t\t\t\t\t\t\t\t<\/li>\n\t\t\t\t\t\t\t\t\t\t\t\t\t\t\t\t\t\t\t\t\n\t\n\t\t\t\t\t\t\t\t\t\t\t\t\t\t\t\t\t\t\t\t\t\t\t\t\t\t\t\t\t\t\t\t\t<li>\n\t\t\t\t\t\t\t\t\t\t\t\t\t\t\t\t\t\t\t\t\t\t\t\t\t\t\t<span class=\"witr_list_icon\"><i class=\"icofont-check\"><\/i><\/span>\n\t\t\t\t\t\t\t\t\t\t\t\t\t\t\t\t\t\t\t\t\t\t\t\t\t\t<span class=\"witr_list_text\">F\u00fchrungskr\u00e4fteentwicklung, Deutsche Gesellschaft f\u00fcr Personalf\u00fchrung<\/span>\n\t\t\t\t\t\t\t\t\t\t\t\t<\/li>\n\t\t\t\t\t\t\t\t\t\t\t\t\t\t\t\t\t\t\t\t\n\t\n\t\t\t\t\t\t\t\t\t\t\t\t\t\t\t\t\t\t\t\t\t\t\t\t\t\t\t\t\t\t\t\t\t<li>\n\t\t\t\t\t\t\t\t\t\t\t\t\t\t\t\t\t\t\t\t\t\t\t\t\t\t\t<span class=\"witr_list_icon\"><i class=\"icofont-check\"><\/i><\/span>\n\t\t\t\t\t\t\t\t\t\t\t\t\t\t\t\t\t\t\t\t\t\t\t\t\t\t<span class=\"witr_list_text\">Team und Gruppenanalyse, SGAZ - Gruppenanalyse, Z\u00fcrich<\/span>\n\t\t\t\t\t\t\t\t\t\t\t\t<\/li>\n\t\t\t\t\t\t\t\t\t\t\t\t\t\t\t\t\t\t\t\t\n\t\n\t\t\t\t\t\t\t\t\t\t\t\t\t\t\t\t\t\t\t\t\t\t\t\t\t\t\t\t\t\t\t\t\t<li>\n\t\t\t\t\t\t\t\t\t\t\t\t\t\t\t\t\t\t\t\t\t\t\t\t\t\t\t<span class=\"witr_list_icon\"><i class=\"icofont-check\"><\/i><\/span>\n\t\t\t\t\t\t\t\t\t\t\t\t\t\t\t\t\t\t\t\t\t\t\t\t\t\t<span class=\"witr_list_text\">Projektmanagement in komplexen Situationen, \u00d6AR-RB Wien<\/span>\n\t\t\t\t\t\t\t\t\t\t\t\t<\/li>\n\t\t\t\t\t\t\t\t\t\t\t\t\t\t\t\t\t\t\t\t\n\t\n\t\t\t\t\t\t\t\t\t\t\t\t\t\t\t\t\t\t\t\t\t\t\t\t\t\t\t\t\t\t\t\t\t<li>\n\t\t\t\t\t\t\t\t\t\t\t\t\t\t\t\t\t\t\t\t\t\t\t\t\t\t\t<span class=\"witr_list_icon\"><i class=\"icofont-check\"><\/i><\/span>\n\t\t\t\t\t\t\t\t\t\t\t\t\t\t\t\t\t\t\t\t\t\t\t\t\t\t<span class=\"witr_list_text\">Gruppenanalytische Weiterbildungen, Burckhardthaus, Frau Prof. Dr. Rohr<\/span>\n\t\t\t\t\t\t\t\t\t\t\t\t<\/li>\n\t\t\t\t\t\t\t\t\t\t\t\t\t\t\t\t\t\t\t\t\n\t\n\t\t\t\t\t\t\t\t\t\t\t\t\n\t\t\t\t\t\t\t\t\t\t\t\t\t\t\t\t\t<\/ul>\n\t\t\t\t\t\t\t\t\t\n\t\t\t\t\t\t\t<\/div>\t\t\t\t\t\t\t\n\t\t\t\t\t\t<\/div>\n\t\t\t\t\t<\/div>\n\n\t\t\t\t\t\t\t\t<\/div>\n\t\t\t\t<\/div>\n\t\t\t\t<\/div>\n\t\t\t\t\t<\/div>\n\t\t\t\t<\/div>\n\t\t\t\t<\/div>\n\t\t","protected":false},"excerpt":{"rendered":"<p>Profil Ausbildung Studium: Sportwissenschaft und Politik, Goethe-Universit\u00e4t Frankfurt am Main, Abschluss: Magister Artium (M.A.) Aufbaustudium: Wirtschaftsp\u00e4dagogik, Zur Praxis des F\u00fchrungskr\u00e4ftetrainings, Goethe-Universit\u00e4t Frankfurt am Main Berufliche T\u00e4tigkeiten Organisationsberatung, Coaching in selbstst\u00e4ndiger T\u00e4tigkeit (seit 1998) Kooperation mit PWS Wollsching-Strobel GmbH, FFM, Unternehmensberatung Kooperation mit Reich &#038; Partner, GbR, K\u00f6ln, Organisationsberatung Seniorberater &#8211; Zentrum f\u00fcr Supervision und OE [&hellip;]<\/p>\n","protected":false},"author":1,"featured_media":0,"parent":0,"menu_order":0,"comment_status":"closed","ping_status":"closed","template":"template-home.php","meta":{"footnotes":""},"class_list":["post-11624","page","type-page","status-publish","hentry"],"aioseo_notices":[],"_links":{"self":[{"href":"https:\/\/wilhelmborgmann.de\/index.php?rest_route=\/wp\/v2\/pages\/11624","targetHints":{"allow":["GET"]}}],"collection":[{"href":"https:\/\/wilhelmborgmann.de\/index.php?rest_route=\/wp\/v2\/pages"}],"about":[{"href":"https:\/\/wilhelmborgmann.de\/index.php?rest_route=\/wp\/v2\/types\/page"}],"author":[{"embeddable":true,"href":"https:\/\/wilhelmborgmann.de\/index.php?rest_route=\/wp\/v2\/users\/1"}],"replies":[{"embeddable":true,"href":"https:\/\/wilhelmborgmann.de\/index.php?rest_route=%2Fwp%2Fv2%2Fcomments&post=11624"}],"version-history":[{"count":71,"href":"https:\/\/wilhelmborgmann.de\/index.php?rest_route=\/wp\/v2\/pages\/11624\/revisions"}],"predecessor-version":[{"id":12996,"href":"https:\/\/wilhelmborgmann.de\/index.php?rest_route=\/wp\/v2\/pages\/11624\/revisions\/12996"}],"wp:attachment":[{"href":"https:\/\/wilhelmborgmann.de\/index.php?rest_route=%2Fwp%2Fv2%2Fmedia&parent=11624"}],"curies":[{"name":"wp","href":"https:\/\/api.w.org\/{rel}","templated":true}]}}