{"id":11670,"date":"2025-08-04T18:53:46","date_gmt":"2025-08-04T16:53:46","guid":{"rendered":"https:\/\/wilhelmborgmann.de\/?page_id=11670"},"modified":"2025-09-09T22:28:28","modified_gmt":"2025-09-09T20:28:28","slug":"impressum","status":"publish","type":"page","link":"https:\/\/wilhelmborgmann.de\/?page_id=11670","title":{"rendered":"Impressum"},"content":{"rendered":"\t\t<div data-elementor-type=\"wp-page\" data-elementor-id=\"11670\" class=\"elementor elementor-11670\">\n\t\t\t\t<div class=\"elementor-element elementor-element-f1cb50b e-con-full e-flex e-con e-parent\" data-id=\"f1cb50b\" data-element_type=\"container\" data-e-type=\"container\">\n\t\t\t\t<div class=\"elementor-element elementor-element-e7cbf37 elementor-widget elementor-widget-witr_swiper_slider\" data-id=\"e7cbf37\" data-element_type=\"widget\" data-e-type=\"widget\" data-widget_type=\"witr_swiper_slider.default\">\n\t\t\t\t<div class=\"elementor-widget-container\">\n\t\t\t\t\t\t\t\t\t\t<!-- Swiper -->\n\t\t\t<div class=\"witr_swiper_area\">\n\t\t\t\t<div class=\"swiper-container witr_active_id5 \"dir=\"ltr\">\n\t\t\t\t\t<div class=\"swiper-wrapper\" >\n\t\t\t\t\t\t\t\t\n\t\t\t\t\t    <div class=\"swiper-slide d1 t1 m1 witr_swiper_height\"  style=\"background-image:url(https:\/\/wilhelmborgmann.de\/wp-content\/uploads\/2025\/09\/banner_klein.jpg);\">\n\t\t\t\t\t\t\t<!-- witr_show_animate -->\n\t\t\t\t\t\t\t\t\t\t\t\t\t\n\t\t\t\t\t\t\n\t\t\t\t\t\t\t<div class=\"witr_sw_text_area text-right\">\n\t\t\t\t\t\t\t\t<div class=\"witr_swiper_content \">\n\t\t\t\t\t\t\t\t\t\t\t\t\t\t\t\t\t\n\t\t\t\t\t\t\t\t\t<!-- title -->\n\t\t\t\t\t\t\t\t\t\t\t\t\t\t\t\t\t\t<!-- title 2 -->\n\t\t\t\t\t\t\t\t\t\t\t\t\t\t\t\t\t\t\t<h2>Impressum<\/h2>\n\t\t\t\t\t\t\t\t\t\t\t\t\t\t\t\t\t\t<!-- title 3 -->\n\t\t\t\t\t\t\t\t\t\t\t\t\t\t\t\t\t\t<!-- content -->\n\t\t\t\t\t\t\t\t\t\t\t\t\t\t\t\t\t\t\t\t\t\t\n\t\t\t\t\t\t\t\t\t<!-- inner title -->\n\t\t\t\t\t\t\t\t\t\t\t\t\t\t\t\t\t\t\n\t\t\t\t\t\t\t\t\t\n\t\t\t\t\t\t\t\t\t\n\t\t\t\t\t\t\t\t\t<!-- btn gradient style -->\n\t\t\t\t\t\t\t\t\t<div class=\"slider_btn\">\n\t\t\t\t\t\t\t\t\t\t<div class=\"witr_btn_style\">\n\t\t\t\t\t\t\t\t\t\t\t<div class=\"witr_btn_sinner\">\n\t\t\t\t\t\t\t\t\t\t\t\t<!-- button -->\n\t\t\t\t\t\t\t\t\t\t\t\t\n\t\t\t\t\t\t\t\t\t\t\t\t<!-- video button 2 -->\n\t\t\t\t\t\t\t\t\t\t\t\t\n\t\t\t\t\t\t\t\t\t\t\t\t<!-- Circle video button Style -->\n\t\t\t\t\t\t\t\t\t\t\t\t\t\t\t\t\t\t\t\t\t\t\t\t\n\t\t\t\t\t\t\t\t\t\t\t<\/div>\n\t\t\t\t\t\t\t\t\t\t<\/div>\n\t\t\t\t\t\t\t\t\t<\/div>\n\t\t\t\t\t\t\t\t\t<!-- social -->\n\t\t\t\t\t\t\t\t\t<!-- social -->\n\t\t\t\t\t\t\t\t\t\t\t\t\t\t\t\t\t\t\n\t\t\t\t\t\t\t\t\t\n\t\t\t\t\t\t\t\t\t\n\t\t\t\t\t\t\t\t<\/div>\n\t\t\t\t\t\t\t\t\t\n\t\t\t\t\t\t\t\t<!-- slider thumb image -->\n\t\t\t\t\t\t\t\t\n\t\t\t\t\t\n\t\t\t\t\t\t\t\t<!-- video icon -->\n\t\t\t\t\t\t\t\t\t\t\t\t\t\t\t\t\t\n\t\n\t\t\t\t\t\t\t<\/div>\n\t\t\t\t\t\t\t\n\t\t\t\t\t\t<\/div>\n\t\t\t\t\t  \n\t\t\t\t\t\t\t\t\t\t\t\n\t\t\t\t\t<\/div>\n\t\t\t\t\t<!-- Add Pagination -->\n\t\t\t\t\t<div class=\"swiper-scrollbar\"><\/div>\n\t\t\t\t\t<div class=\"swiper-pagination\"><\/div>\n\t\t\t\t\t<div class=\"swiper-buttonf-next \"><\/div>\n\t\t\t\t\t<div class=\"swiper-buttonf-prev\"><\/div>\t\t\t\t\t\n\t\t\t\t<\/div>\n\t\t\t<\/div>\t\t\n\t\t\n\n\t\t\t<script type='text\/javascript'>\n\t\t\t\tjQuery(function($){\n\n\t\t\t\t   new Swiper('.witr_active_id5', {\n\t\t\t\t\t\teffect: 'defult',\n\t\t\t\t\t\tgrabCursor: false,\n\t\t\t\t\t\tspeed: 2000,\n\t\t\t\t\t\tdirection: 'horizontal',\n\t\t\t\t\t\t\t\t\t\t\t\t\tslidesPerView: 1,\n\t\t\t\t\t\t\t\t\t\t\t\t\t\t\t\t\t\t\tspaceBetween: 30,\n\t\t\t\t\t\t\t\t\t\t\t\tfreeMode: false,\n\t\t\t\t\t\tmousewheel: false,\n\t\t\t\t\t\tkeyboard: false,\n\t\t\t\t\t\tloop: false,\n\t\t\t\t\t\t\t\t\t\t\t\tautoplay: {\n\t\t\t\t\t\t\tdelay: 4000,\t\t\t\t\t\t\t\t  \n\t\t\t\t\t\t\tdisableOnInteraction: false,\n\t\t\t\t\t\t},\n\t\t\t\t\t\t  pagination: {\n\t\t\t\t\t\t\tel: '.swiper-pagination',\n\t\t\t\t\t\t\tclickable: true,\n\t\t\t\t\t\t\tfalse: 'progressbar',\n\t\t\t\t\t\t  },\n\t\t\t\t\t\t  navigation: {\n\t\t\t\t\t\t\tnextEl: '.swiper-button-next',\n\t\t\t\t\t\t\tprevEl: '.swiper-button-prev',\n\t\t\t\t\t\t  },\n\t\t\t\t\t\t  scrollbar: {\n\t\t\t\t\t\t\tel: '.scrollbar_false',\n\t\t\t\t\t\t\thide: true,\n\t\t\t\t\t\t  },\t\t\t\t\t  \n\t\t\t\t\t\t  \n \n\t\t\t\t\t\t  \n\t\t\t\t\t});\n\n\t\t\t\t});\t\t\t\t\t\t\n\t\t\t\t\n\t\t\t<\/script>\t\t\t\t\t\t\t\n\t\t\t\t\t\t<\/div>\n\t\t\t\t<\/div>\n\t\t\t\t<\/div>\n\t\t<div class=\"elementor-element elementor-element-c159329 e-flex e-con-boxed e-con e-parent\" data-id=\"c159329\" data-element_type=\"container\" data-e-type=\"container\">\n\t\t\t\t\t<div class=\"e-con-inner\">\n\t\t\t\t<div class=\"elementor-element elementor-element-1d93c53 elementor-widget elementor-widget-witr_section_t_widget\" data-id=\"1d93c53\" data-element_type=\"widget\" data-e-type=\"widget\" data-widget_type=\"witr_section_t_widget.default\">\n\t\t\t\t<div class=\"elementor-widget-container\">\n\t\t\t\t\t\t\t\t\t\t<!-- text widget center -->\n\t\t\t\t\t<div class=\"witr_text_widget\">\n\t\t\t\t\t\t<div class=\"witr_text_widget_inner\">\n\t\t\t\t\t\t\t<!-- text widget top -->\n\t\t\t\t\t\t\t\t\t\t\t\t\t\n\t\t\t\t\t\t\t<!-- text widget middle -->\n\t\t\t\t\t\t\t\t\t\t\t\t\t\t<!-- text widget bottom -->\n\t\t\t\t\t\t\t\t\t\t\t\t\t\n\t\t\t\t\t\t\t<!-- content -->\n\t\t\t\t\t\t\t\t\t\t\t\t\t\t\t<p><p>Wilhelm Borgmann<\/p><p>Management- und Organisationsberatung<\/p><p>Br\u00fcder-Grimm-Stra\u00dfe 39<br \/>D- 60385 Frankfurt am Main<\/p><p>borgmann.wilhelm@t-online.de<\/p><p>Tel. +49 (0) 171 - 17 85 779<\/p><p>-------------------------------<\/p><p>Haftungsausschluss:<br \/>Trotz sorgf\u00e4ltiger inhaltlicher Kontrolle \u00fcbernehme ich keine Haftung f\u00fcr die Inhalte externer Links. F\u00fcr den Inhalt der verlinkten Seiten sind ausschlie\u00dflich deren Betreiber verantwortlich.<\/p><\/p>\t\t\n\t\t\t\t\t\t\t\t\t\t\t\t\t\t\n\t\t\t\t\t\t\t<!--- List content --->\n\t\t\t\t\t\t\t<div class=\"witr_widget_list\">\n\t\t\t\t\t\t\t\t<ul>\t\t\t\t\t\t\t\n\t\t\t\t\t\t\t\t\t\t\t\t\t\t\t\t\t<\/ul>\n\t\t\t\t\t\t\t\t\t\n\t\t\t\t\t\t\t<\/div>\t\t\t\t\t\t\t\n\t\t\t\t\t\t<\/div>\n\t\t\t\t\t<\/div>\n\n\t\t\t\t\t\t\t\t<\/div>\n\t\t\t\t<\/div>\n\t\t\t\t\t<\/div>\n\t\t\t\t<\/div>\n\t\t\t\t<\/div>\n\t\t","protected":false},"excerpt":{"rendered":"<p>Impressum Wilhelm Borgmann Management- und Organisationsberatung Br\u00fcder-Grimm-Stra\u00dfe 39D- 60385 Frankfurt am Main borgmann.wilhelm@t-online.de Tel. +49 (0) 171 &#8211; 17 85 779 &#8212;&#8212;&#8212;&#8212;&#8212;&#8212;&#8212;&#8212;&#8212;&#8212;- Haftungsausschluss:Trotz sorgf\u00e4ltiger inhaltlicher Kontrolle \u00fcbernehme ich keine Haftung f\u00fcr die Inhalte externer Links. F\u00fcr den Inhalt der verlinkten Seiten sind ausschlie\u00dflich deren Betreiber verantwortlich.<\/p>\n","protected":false},"author":1,"featured_media":0,"parent":0,"menu_order":0,"comment_status":"closed","ping_status":"closed","template":"template-home.php","meta":{"footnotes":""},"class_list":["post-11670","page","type-page","status-publish","hentry"],"aioseo_notices":[],"_links":{"self":[{"href":"https:\/\/wilhelmborgmann.de\/index.php?rest_route=\/wp\/v2\/pages\/11670","targetHints":{"allow":["GET"]}}],"collection":[{"href":"https:\/\/wilhelmborgmann.de\/index.php?rest_route=\/wp\/v2\/pages"}],"about":[{"href":"https:\/\/wilhelmborgmann.de\/index.php?rest_route=\/wp\/v2\/types\/page"}],"author":[{"embeddable":true,"href":"https:\/\/wilhelmborgmann.de\/index.php?rest_route=\/wp\/v2\/users\/1"}],"replies":[{"embeddable":true,"href":"https:\/\/wilhelmborgmann.de\/index.php?rest_route=%2Fwp%2Fv2%2Fcomments&post=11670"}],"version-history":[{"count":88,"href":"https:\/\/wilhelmborgmann.de\/index.php?rest_route=\/wp\/v2\/pages\/11670\/revisions"}],"predecessor-version":[{"id":12981,"href":"https:\/\/wilhelmborgmann.de\/index.php?rest_route=\/wp\/v2\/pages\/11670\/revisions\/12981"}],"wp:attachment":[{"href":"https:\/\/wilhelmborgmann.de\/index.php?rest_route=%2Fwp%2Fv2%2Fmedia&parent=11670"}],"curies":[{"name":"wp","href":"https:\/\/api.w.org\/{rel}","templated":true}]}}